{"id":580,"date":"2024-02-11T19:08:56","date_gmt":"2024-02-11T18:08:56","guid":{"rendered":"https:\/\/test.arabaweb.com\/coralden\/?page_id=580"},"modified":"2024-03-14T15:43:19","modified_gmt":"2024-03-14T14:43:19","slug":"protesis-dentales","status":"publish","type":"page","link":"https:\/\/test.arabaweb.com\/coralden\/protesis-dentales\/","title":{"rendered":"Protesis Dentales"},"content":{"rendered":"\t\t<div data-elementor-type=\"wp-page\" data-elementor-id=\"580\" class=\"elementor elementor-580\" data-elementor-post-type=\"page\">\n\t\t\t\t<div class=\"elementor-element elementor-element-fa5aa7a e-flex e-con-boxed e-con e-parent\" data-id=\"fa5aa7a\" data-element_type=\"container\" data-settings=\"{&quot;background_background&quot;:&quot;classic&quot;}\">\n\t\t\t\t\t<div class=\"e-con-inner\">\n\t\t\t\t<div class=\"elementor-element elementor-element-6bd6a15e elementor-widget elementor-widget-image\" data-id=\"6bd6a15e\" data-element_type=\"widget\" data-widget_type=\"image.default\">\n\t\t\t\t<div class=\"elementor-widget-container\">\n\t\t\t\t\t\t\t\t\t\t\t\t\t<img fetchpriority=\"high\" decoding=\"async\" width=\"800\" height=\"815\" src=\"https:\/\/test.arabaweb.com\/coralden\/wp-content\/uploads\/sites\/2\/2024\/02\/PROTESIS.webp\" class=\"attachment-large size-large wp-image-410\" alt=\"\" srcset=\"https:\/\/test.arabaweb.com\/coralden\/wp-content\/uploads\/sites\/2\/2024\/02\/PROTESIS.webp 800w, https:\/\/test.arabaweb.com\/coralden\/wp-content\/uploads\/sites\/2\/2024\/02\/PROTESIS-294x300.webp 294w, https:\/\/test.arabaweb.com\/coralden\/wp-content\/uploads\/sites\/2\/2024\/02\/PROTESIS-768x782.webp 768w\" sizes=\"(max-width: 800px) 100vw, 800px\" \/>\t\t\t\t\t\t\t\t\t\t\t\t\t<\/div>\n\t\t\t\t<\/div>\n\t\t\t\t\t<\/div>\n\t\t\t\t<\/div>\n\t\t<div class=\"elementor-element elementor-element-773aad8f e-flex e-con-boxed e-con e-parent\" data-id=\"773aad8f\" data-element_type=\"container\">\n\t\t\t\t\t<div class=\"e-con-inner\">\n\t\t<div class=\"elementor-element elementor-element-3c137654 e-con-full e-flex e-con e-child\" data-id=\"3c137654\" data-element_type=\"container\" data-settings=\"{&quot;background_background&quot;:&quot;classic&quot;}\">\n\t\t\t\t<div class=\"elementor-element elementor-element-2e98310e elementor-widget__width-initial elementor-widget elementor-widget-heading\" data-id=\"2e98310e\" data-element_type=\"widget\" data-widget_type=\"heading.default\">\n\t\t\t\t<div class=\"elementor-widget-container\">\n\t\t\t<h2 class=\"elementor-heading-title elementor-size-default\">TRATAMIENTOS<\/h2>\t\t<\/div>\n\t\t\t\t<\/div>\n\t\t\t\t<div class=\"elementor-element elementor-element-1d149467 elementor-widget__width-initial elementor-widget elementor-widget-button\" data-id=\"1d149467\" data-element_type=\"widget\" data-widget_type=\"button.default\">\n\t\t\t\t<div class=\"elementor-widget-container\">\n\t\t\t\t\t\t\t<div class=\"elementor-button-wrapper\">\n\t\t\t\t\t<a class=\"elementor-button elementor-button-link elementor-size-sm elementor-animation-grow\" href=\"https:\/\/test.arabaweb.com\/coralden\/odontologia-general\/\">\n\t\t\t\t\t\t<span class=\"elementor-button-content-wrapper\">\n\t\t\t\t\t\t<span class=\"elementor-button-icon\">\n\t\t\t\t<svg aria-hidden=\"true\" class=\"e-font-icon-svg e-fas-arrow-right\" viewBox=\"0 0 448 512\" xmlns=\"http:\/\/www.w3.org\/2000\/svg\"><path d=\"M190.5 66.9l22.2-22.2c9.4-9.4 24.6-9.4 33.9 0L441 239c9.4 9.4 9.4 24.6 0 33.9L246.6 467.3c-9.4 9.4-24.6 9.4-33.9 0l-22.2-22.2c-9.5-9.5-9.3-25 .4-34.3L311.4 296H24c-13.3 0-24-10.7-24-24v-32c0-13.3 10.7-24 24-24h287.4L190.9 101.2c-9.8-9.3-10-24.8-.4-34.3z\"><\/path><\/svg>\t\t\t<\/span>\n\t\t\t\t\t\t\t\t\t<span class=\"elementor-button-text\">Odontolg\u00eda General<\/span>\n\t\t\t\t\t<\/span>\n\t\t\t\t\t<\/a>\n\t\t\t\t<\/div>\n\t\t\t\t\t\t<\/div>\n\t\t\t\t<\/div>\n\t\t\t\t<div class=\"elementor-element elementor-element-3051cb6 elementor-widget__width-initial elementor-widget elementor-widget-button\" data-id=\"3051cb6\" data-element_type=\"widget\" data-widget_type=\"button.default\">\n\t\t\t\t<div class=\"elementor-widget-container\">\n\t\t\t\t\t\t\t<div class=\"elementor-button-wrapper\">\n\t\t\t\t\t<a class=\"elementor-button elementor-button-link elementor-size-sm elementor-animation-grow\" href=\"https:\/\/test.arabaweb.com\/coralden\/implantologia-3\/\">\n\t\t\t\t\t\t<span class=\"elementor-button-content-wrapper\">\n\t\t\t\t\t\t<span class=\"elementor-button-icon\">\n\t\t\t\t<svg aria-hidden=\"true\" class=\"e-font-icon-svg e-fas-arrow-right\" viewBox=\"0 0 448 512\" xmlns=\"http:\/\/www.w3.org\/2000\/svg\"><path d=\"M190.5 66.9l22.2-22.2c9.4-9.4 24.6-9.4 33.9 0L441 239c9.4 9.4 9.4 24.6 0 33.9L246.6 467.3c-9.4 9.4-24.6 9.4-33.9 0l-22.2-22.2c-9.5-9.5-9.3-25 .4-34.3L311.4 296H24c-13.3 0-24-10.7-24-24v-32c0-13.3 10.7-24 24-24h287.4L190.9 101.2c-9.8-9.3-10-24.8-.4-34.3z\"><\/path><\/svg>\t\t\t<\/span>\n\t\t\t\t\t\t\t\t\t<span class=\"elementor-button-text\">Implantolog\u00eda<\/span>\n\t\t\t\t\t<\/span>\n\t\t\t\t\t<\/a>\n\t\t\t\t<\/div>\n\t\t\t\t\t\t<\/div>\n\t\t\t\t<\/div>\n\t\t\t\t<div class=\"elementor-element elementor-element-68bb8a03 elementor-widget__width-initial elementor-widget elementor-widget-button\" data-id=\"68bb8a03\" data-element_type=\"widget\" data-widget_type=\"button.default\">\n\t\t\t\t<div class=\"elementor-widget-container\">\n\t\t\t\t\t\t\t<div class=\"elementor-button-wrapper\">\n\t\t\t\t\t<a class=\"elementor-button elementor-button-link elementor-size-sm elementor-animation-grow\" href=\"#\">\n\t\t\t\t\t\t<span class=\"elementor-button-content-wrapper\">\n\t\t\t\t\t\t<span class=\"elementor-button-icon\">\n\t\t\t\t<svg aria-hidden=\"true\" class=\"e-font-icon-svg e-fas-arrow-right\" viewBox=\"0 0 448 512\" xmlns=\"http:\/\/www.w3.org\/2000\/svg\"><path d=\"M190.5 66.9l22.2-22.2c9.4-9.4 24.6-9.4 33.9 0L441 239c9.4 9.4 9.4 24.6 0 33.9L246.6 467.3c-9.4 9.4-24.6 9.4-33.9 0l-22.2-22.2c-9.5-9.5-9.3-25 .4-34.3L311.4 296H24c-13.3 0-24-10.7-24-24v-32c0-13.3 10.7-24 24-24h287.4L190.9 101.2c-9.8-9.3-10-24.8-.4-34.3z\"><\/path><\/svg>\t\t\t<\/span>\n\t\t\t\t\t\t\t\t\t<span class=\"elementor-button-text\">Pr\u00f3tesis Dentales<\/span>\n\t\t\t\t\t<\/span>\n\t\t\t\t\t<\/a>\n\t\t\t\t<\/div>\n\t\t\t\t\t\t<\/div>\n\t\t\t\t<\/div>\n\t\t\t\t<div class=\"elementor-element elementor-element-7a253295 elementor-widget__width-initial elementor-widget elementor-widget-button\" data-id=\"7a253295\" data-element_type=\"widget\" data-widget_type=\"button.default\">\n\t\t\t\t<div class=\"elementor-widget-container\">\n\t\t\t\t\t\t\t<div class=\"elementor-button-wrapper\">\n\t\t\t\t\t<a class=\"elementor-button elementor-button-link elementor-size-sm elementor-animation-grow\" href=\"https:\/\/test.arabaweb.com\/coralden\/periodoncia\/\">\n\t\t\t\t\t\t<span class=\"elementor-button-content-wrapper\">\n\t\t\t\t\t\t<span class=\"elementor-button-icon\">\n\t\t\t\t<svg aria-hidden=\"true\" class=\"e-font-icon-svg e-fas-arrow-right\" viewBox=\"0 0 448 512\" xmlns=\"http:\/\/www.w3.org\/2000\/svg\"><path d=\"M190.5 66.9l22.2-22.2c9.4-9.4 24.6-9.4 33.9 0L441 239c9.4 9.4 9.4 24.6 0 33.9L246.6 467.3c-9.4 9.4-24.6 9.4-33.9 0l-22.2-22.2c-9.5-9.5-9.3-25 .4-34.3L311.4 296H24c-13.3 0-24-10.7-24-24v-32c0-13.3 10.7-24 24-24h287.4L190.9 101.2c-9.8-9.3-10-24.8-.4-34.3z\"><\/path><\/svg>\t\t\t<\/span>\n\t\t\t\t\t\t\t\t\t<span class=\"elementor-button-text\">Periodoncia<\/span>\n\t\t\t\t\t<\/span>\n\t\t\t\t\t<\/a>\n\t\t\t\t<\/div>\n\t\t\t\t\t\t<\/div>\n\t\t\t\t<\/div>\n\t\t\t\t<div class=\"elementor-element elementor-element-61f756d8 elementor-widget__width-initial elementor-widget elementor-widget-button\" data-id=\"61f756d8\" data-element_type=\"widget\" data-widget_type=\"button.default\">\n\t\t\t\t<div class=\"elementor-widget-container\">\n\t\t\t\t\t\t\t<div class=\"elementor-button-wrapper\">\n\t\t\t\t\t<a class=\"elementor-button elementor-button-link elementor-size-sm elementor-animation-grow\" href=\"https:\/\/test.arabaweb.com\/coralden\/endodoncia\/\">\n\t\t\t\t\t\t<span class=\"elementor-button-content-wrapper\">\n\t\t\t\t\t\t<span class=\"elementor-button-icon\">\n\t\t\t\t<svg aria-hidden=\"true\" class=\"e-font-icon-svg e-fas-arrow-right\" viewBox=\"0 0 448 512\" xmlns=\"http:\/\/www.w3.org\/2000\/svg\"><path d=\"M190.5 66.9l22.2-22.2c9.4-9.4 24.6-9.4 33.9 0L441 239c9.4 9.4 9.4 24.6 0 33.9L246.6 467.3c-9.4 9.4-24.6 9.4-33.9 0l-22.2-22.2c-9.5-9.5-9.3-25 .4-34.3L311.4 296H24c-13.3 0-24-10.7-24-24v-32c0-13.3 10.7-24 24-24h287.4L190.9 101.2c-9.8-9.3-10-24.8-.4-34.3z\"><\/path><\/svg>\t\t\t<\/span>\n\t\t\t\t\t\t\t\t\t<span class=\"elementor-button-text\">Endodoncia<\/span>\n\t\t\t\t\t<\/span>\n\t\t\t\t\t<\/a>\n\t\t\t\t<\/div>\n\t\t\t\t\t\t<\/div>\n\t\t\t\t<\/div>\n\t\t\t\t<div class=\"elementor-element elementor-element-2e1d2c88 elementor-widget__width-initial elementor-widget elementor-widget-button\" data-id=\"2e1d2c88\" data-element_type=\"widget\" data-widget_type=\"button.default\">\n\t\t\t\t<div class=\"elementor-widget-container\">\n\t\t\t\t\t\t\t<div class=\"elementor-button-wrapper\">\n\t\t\t\t\t<a class=\"elementor-button elementor-button-link elementor-size-sm elementor-animation-grow\" href=\"https:\/\/test.arabaweb.com\/coralden\/ortodoncia\/\">\n\t\t\t\t\t\t<span class=\"elementor-button-content-wrapper\">\n\t\t\t\t\t\t<span class=\"elementor-button-icon\">\n\t\t\t\t<svg aria-hidden=\"true\" class=\"e-font-icon-svg e-fas-arrow-right\" viewBox=\"0 0 448 512\" xmlns=\"http:\/\/www.w3.org\/2000\/svg\"><path d=\"M190.5 66.9l22.2-22.2c9.4-9.4 24.6-9.4 33.9 0L441 239c9.4 9.4 9.4 24.6 0 33.9L246.6 467.3c-9.4 9.4-24.6 9.4-33.9 0l-22.2-22.2c-9.5-9.5-9.3-25 .4-34.3L311.4 296H24c-13.3 0-24-10.7-24-24v-32c0-13.3 10.7-24 24-24h287.4L190.9 101.2c-9.8-9.3-10-24.8-.4-34.3z\"><\/path><\/svg>\t\t\t<\/span>\n\t\t\t\t\t\t\t\t\t<span class=\"elementor-button-text\">Ortodoncia<\/span>\n\t\t\t\t\t<\/span>\n\t\t\t\t\t<\/a>\n\t\t\t\t<\/div>\n\t\t\t\t\t\t<\/div>\n\t\t\t\t<\/div>\n\t\t\t\t<div class=\"elementor-element elementor-element-21f4dd66 elementor-widget__width-initial elementor-widget elementor-widget-button\" data-id=\"21f4dd66\" data-element_type=\"widget\" data-widget_type=\"button.default\">\n\t\t\t\t<div class=\"elementor-widget-container\">\n\t\t\t\t\t\t\t<div class=\"elementor-button-wrapper\">\n\t\t\t\t\t<a class=\"elementor-button elementor-button-link elementor-size-sm elementor-animation-grow\" href=\"https:\/\/test.arabaweb.com\/coralden\/estetica-dental\/\">\n\t\t\t\t\t\t<span class=\"elementor-button-content-wrapper\">\n\t\t\t\t\t\t<span class=\"elementor-button-icon\">\n\t\t\t\t<svg aria-hidden=\"true\" class=\"e-font-icon-svg e-fas-arrow-right\" viewBox=\"0 0 448 512\" xmlns=\"http:\/\/www.w3.org\/2000\/svg\"><path d=\"M190.5 66.9l22.2-22.2c9.4-9.4 24.6-9.4 33.9 0L441 239c9.4 9.4 9.4 24.6 0 33.9L246.6 467.3c-9.4 9.4-24.6 9.4-33.9 0l-22.2-22.2c-9.5-9.5-9.3-25 .4-34.3L311.4 296H24c-13.3 0-24-10.7-24-24v-32c0-13.3 10.7-24 24-24h287.4L190.9 101.2c-9.8-9.3-10-24.8-.4-34.3z\"><\/path><\/svg>\t\t\t<\/span>\n\t\t\t\t\t\t\t\t\t<span class=\"elementor-button-text\">Est\u00e9tica Dental<\/span>\n\t\t\t\t\t<\/span>\n\t\t\t\t\t<\/a>\n\t\t\t\t<\/div>\n\t\t\t\t\t\t<\/div>\n\t\t\t\t<\/div>\n\t\t\t\t<\/div>\n\t\t<div class=\"elementor-element elementor-element-40941d2 e-con-full e-flex e-con e-child\" data-id=\"40941d2\" data-element_type=\"container\">\n\t\t\t\t<div class=\"elementor-element elementor-element-7962c82 elementor-widget elementor-widget-heading\" data-id=\"7962c82\" data-element_type=\"widget\" data-widget_type=\"heading.default\">\n\t\t\t\t<div class=\"elementor-widget-container\">\n\t\t\t<h1 class=\"elementor-heading-title elementor-size-default\">Pr\u00f3tesis Dentales<\/h1>\t\t<\/div>\n\t\t\t\t<\/div>\n\t\t\t\t<div class=\"elementor-element elementor-element-729bed9 elementor-widget elementor-widget-image\" data-id=\"729bed9\" data-element_type=\"widget\" data-widget_type=\"image.default\">\n\t\t\t\t<div class=\"elementor-widget-container\">\n\t\t\t\t\t\t\t\t\t\t\t\t\t<img decoding=\"async\" width=\"800\" height=\"318\" src=\"https:\/\/test.arabaweb.com\/coralden\/wp-content\/uploads\/sites\/2\/2024\/02\/protesis_coralden.webp\" class=\"attachment-large size-large wp-image-585\" alt=\"\" srcset=\"https:\/\/test.arabaweb.com\/coralden\/wp-content\/uploads\/sites\/2\/2024\/02\/protesis_coralden.webp 800w, https:\/\/test.arabaweb.com\/coralden\/wp-content\/uploads\/sites\/2\/2024\/02\/protesis_coralden-300x119.webp 300w, https:\/\/test.arabaweb.com\/coralden\/wp-content\/uploads\/sites\/2\/2024\/02\/protesis_coralden-768x305.webp 768w\" sizes=\"(max-width: 800px) 100vw, 800px\" \/>\t\t\t\t\t\t\t\t\t\t\t\t\t<\/div>\n\t\t\t\t<\/div>\n\t\t\t\t<div class=\"elementor-element elementor-element-7774a0e elementor-widget elementor-widget-text-editor\" data-id=\"7774a0e\" data-element_type=\"widget\" data-widget_type=\"text-editor.default\">\n\t\t\t\t<div class=\"elementor-widget-container\">\n\t\t\t\t\t\t\t<p><strong>La pr\u00f3tesis dental<\/strong>\u00a0es un dispositivo dise\u00f1ado para reemplazar los dientes perdidos.<\/p><p>Los dientes son una parte muy importante de nuestra apariencia. Si nos falta un diente, ya nos sentimos desanimados, inseguros de nosotros mismos.<\/p><p>En caso que dejamos la boca sin dientes se corre el riesgo de mal oclusi\u00f3n y una serie de otras condiciones adversas\u00a0y cambios f\u00edsicos, ciertamente.<\/p><p>Para evitar estas situaciones, hay que elegir la pr\u00f3tesis dental adecuada para todas las situaciones.<\/p><p>Hay muchos tipos de pr\u00f3tesis dentales y una persona simple se puede quedar atrapada f\u00e1cilmente en ellos. Pero, en general, todas las pr\u00f3tesis dentales se dividen en dos categor\u00edas amplias:<\/p><ol><li><strong> pr\u00f3tesis dental fija<\/strong><\/li><li><strong> pr\u00f3tesis dental removible<\/strong><\/li><\/ol>\t\t\t\t\t\t<\/div>\n\t\t\t\t<\/div>\n\t\t\t\t<div class=\"elementor-element elementor-element-cd8d692 elementor-widget elementor-widget-heading\" data-id=\"cd8d692\" data-element_type=\"widget\" data-widget_type=\"heading.default\">\n\t\t\t\t<div class=\"elementor-widget-container\">\n\t\t\t<h1 class=\"elementor-heading-title elementor-size-default\">La pr\u00f3tesis dental fija<\/h1>\t\t<\/div>\n\t\t\t\t<\/div>\n\t\t\t\t<div class=\"elementor-element elementor-element-a9a90a9 elementor-widget elementor-widget-text-editor\" data-id=\"a9a90a9\" data-element_type=\"widget\" data-widget_type=\"text-editor.default\">\n\t\t\t\t<div class=\"elementor-widget-container\">\n\t\t\t\t\t\t\t<p>La pr\u00f3tesis dental fija es cualquier pr\u00f3tesis dental que se fija en el estudio del dentista y no se retira por el paciente. Es m\u00e1s parecida a los dientes naturales y se cuida igual como los dientes naturales.<\/p><h5><strong>Tipos de pr\u00f3tesis dental fija:<\/strong><\/h5><ol><li><strong>Pr\u00f3tesis fijas sobre dientes naturales,<\/strong><\/li><li><strong>Pr\u00f3tesis fijas sobre\u00a0<\/strong><strong>implantes dentales<\/strong>.<\/li><\/ol><p><strong>\u00a0<\/strong><\/p><ol><li><strong>Pr\u00f3tesis fijas sobre dientes naturales son:<\/strong><\/li><\/ol><p><strong>Las coronas dentales<\/strong><\/p><p>Las coronas dentales son las m\u00e1s populares para reemplazar los dientes rotos, en el caso cuando la ra\u00edz es bastante saludable para ser utilizado como apoyo.<\/p><p>Las coronas dentales ayudan a restaurar el diente da\u00f1ado, protegen los dientes sensibles, evitan el agravamiento de la situaci\u00f3n cuando no se puede hacer nada con la ayuda de los empastes dentales y cuando no se puede corregir la forma del diente o su color.<\/p><p>Las coronas dentales m\u00e1s reconocidas son las coronas de metal-cer\u00e1mica (metal-porcelana).<\/p><p><em><strong>Los puentes dentales<\/strong><\/em><\/p><p>Las pr\u00f3tesis dentales a base de puentes dentales tienen la funci\u00f3n de reemplazar uno o m\u00e1s dientes. Ellos pueden ser hechos de los mismos materiales como las coronas dentales, la diferencia entre ellos es que los puentes est\u00e1n formados por un m\u00ednimo de 2 coronas. En este caso el puente se cementa sobre los dientes adyacentes a los dientes que faltan.<\/p><ol start=\"2\"><li><strong> Pr\u00f3tesis fijas sobre implantes dentales<\/strong><\/li><\/ol><p>La soluci\u00f3n con los\u00a0implantes dentales\u00a0se utiliza para las personas que han perdido uno o m\u00e1s dientes, pero no quieren da\u00f1ar los dientes naturales o para aquellos que son totalmente desdentados.<\/p>\t\t\t\t\t\t<\/div>\n\t\t\t\t<\/div>\n\t\t\t\t<div class=\"elementor-element elementor-element-e1f3429 elementor-widget elementor-widget-image\" data-id=\"e1f3429\" data-element_type=\"widget\" data-widget_type=\"image.default\">\n\t\t\t\t<div class=\"elementor-widget-container\">\n\t\t\t\t\t\t\t\t\t\t\t\t\t<img decoding=\"async\" width=\"800\" height=\"344\" src=\"https:\/\/test.arabaweb.com\/coralden\/wp-content\/uploads\/sites\/2\/2024\/02\/protesis_dental_fija_coralden.webp\" class=\"attachment-large size-large wp-image-596\" alt=\"\" srcset=\"https:\/\/test.arabaweb.com\/coralden\/wp-content\/uploads\/sites\/2\/2024\/02\/protesis_dental_fija_coralden.webp 856w, https:\/\/test.arabaweb.com\/coralden\/wp-content\/uploads\/sites\/2\/2024\/02\/protesis_dental_fija_coralden-300x129.webp 300w, https:\/\/test.arabaweb.com\/coralden\/wp-content\/uploads\/sites\/2\/2024\/02\/protesis_dental_fija_coralden-768x330.webp 768w\" sizes=\"(max-width: 800px) 100vw, 800px\" \/>\t\t\t\t\t\t\t\t\t\t\t\t\t<\/div>\n\t\t\t\t<\/div>\n\t\t\t\t<div class=\"elementor-element elementor-element-f66c936 elementor-widget elementor-widget-heading\" data-id=\"f66c936\" data-element_type=\"widget\" data-widget_type=\"heading.default\">\n\t\t\t\t<div class=\"elementor-widget-container\">\n\t\t\t<h1 class=\"elementor-heading-title elementor-size-default\">La pr\u00f3tesis dental removible<\/h1>\t\t<\/div>\n\t\t\t\t<\/div>\n\t\t\t\t<div class=\"elementor-element elementor-element-211ddba elementor-widget elementor-widget-text-editor\" data-id=\"211ddba\" data-element_type=\"widget\" data-widget_type=\"text-editor.default\">\n\t\t\t\t<div class=\"elementor-widget-container\">\n\t\t\t\t\t\t\t<p>La pr\u00f3tesis dental removible es una pr\u00f3tesis que se retira cada d\u00eda para limpiarla. A menudo, estas pr\u00f3tesis se hacen para las personas que quieren tener dientes r\u00e1pido, que no tienen suficiente hueso para insertar los implantes o por razones econ\u00f3micas.<\/p><h5><strong>Tipos de pr\u00f3tesis dentales removibles:<\/strong><\/h5><p>\u00a0<\/p><ol><li><strong>Pr\u00f3tesis parciales removibles.<\/strong><\/li><li><strong>Pr\u00f3tesis removibles completas.<\/strong><\/li><\/ol><p>\u00a0<\/p><ol><li><strong> La pr\u00f3tesis dental parcial removible<\/strong><\/li><\/ol><p>\u00a0<\/p><p><em>La<strong>\u00a0<\/strong>pr\u00f3tesis dental parcial removible<\/em>\u00a0se puede realizar en resina pura para trabajos temporales, o en metal resina para los trabajos realizados por m\u00e1s tiempo. Por lo general, estas pr\u00f3tesis est\u00e1n anclados a los dientes remanentes.<\/p><p>\u00a0<\/p><ol><li><strong>La pr\u00f3tesis completa removible\u00a0o la\u00a0dentadura<\/strong><\/li><\/ol><p>\u00a0<\/p><p><em>La pr\u00f3tesis completa removible<\/em><strong><em>\u00a0<\/em><\/strong><em>(llamada tambi\u00e9n y<\/em><em>\u00a0dentadura) <\/em>est\u00e1 hecha de resina y reemplace todos los dientes que faltan. Este tipo de pr\u00f3tesis se realiza para las personas que no tienen ning\u00fan diente y tienen contraindicado insertar implantes, por razones de salud o ausencia de hueso (anchura y altura), por la edad o por razones financieras.<\/p>\t\t\t\t\t\t<\/div>\n\t\t\t\t<\/div>\n\t\t\t\t<div class=\"elementor-element elementor-element-df43c6d elementor-widget elementor-widget-image\" data-id=\"df43c6d\" data-element_type=\"widget\" data-widget_type=\"image.default\">\n\t\t\t\t<div class=\"elementor-widget-container\">\n\t\t\t\t\t\t\t\t\t\t\t\t\t<img loading=\"lazy\" decoding=\"async\" width=\"800\" height=\"383\" src=\"https:\/\/test.arabaweb.com\/coralden\/wp-content\/uploads\/sites\/2\/2024\/02\/protesis-removibles4_coralden.webp\" class=\"attachment-large size-large wp-image-619\" alt=\"\" srcset=\"https:\/\/test.arabaweb.com\/coralden\/wp-content\/uploads\/sites\/2\/2024\/02\/protesis-removibles4_coralden.webp 1024w, https:\/\/test.arabaweb.com\/coralden\/wp-content\/uploads\/sites\/2\/2024\/02\/protesis-removibles4_coralden-300x144.webp 300w, https:\/\/test.arabaweb.com\/coralden\/wp-content\/uploads\/sites\/2\/2024\/02\/protesis-removibles4_coralden-768x368.webp 768w\" sizes=\"(max-width: 800px) 100vw, 800px\" \/>\t\t\t\t\t\t\t\t\t\t\t\t\t<\/div>\n\t\t\t\t<\/div>\n\t\t\t\t<\/div>\n\t\t\t\t\t<\/div>\n\t\t\t\t<\/div>\n\t\t\t\t<\/div>\n\t\t","protected":false},"excerpt":{"rendered":"<p>Protesis Dentales<\/p>\n","protected":false},"author":1,"featured_media":585,"parent":0,"menu_order":0,"comment_status":"closed","ping_status":"closed","template":"","meta":{"footnotes":""},"class_list":["post-580","page","type-page","status-publish","has-post-thumbnail","hentry"],"_links":{"self":[{"href":"https:\/\/test.arabaweb.com\/coralden\/wp-json\/wp\/v2\/pages\/580","targetHints":{"allow":["GET"]}}],"collection":[{"href":"https:\/\/test.arabaweb.com\/coralden\/wp-json\/wp\/v2\/pages"}],"about":[{"href":"https:\/\/test.arabaweb.com\/coralden\/wp-json\/wp\/v2\/types\/page"}],"author":[{"embeddable":true,"href":"https:\/\/test.arabaweb.com\/coralden\/wp-json\/wp\/v2\/users\/1"}],"replies":[{"embeddable":true,"href":"https:\/\/test.arabaweb.com\/coralden\/wp-json\/wp\/v2\/comments?post=580"}],"version-history":[{"count":42,"href":"https:\/\/test.arabaweb.com\/coralden\/wp-json\/wp\/v2\/pages\/580\/revisions"}],"predecessor-version":[{"id":850,"href":"https:\/\/test.arabaweb.com\/coralden\/wp-json\/wp\/v2\/pages\/580\/revisions\/850"}],"wp:featuredmedia":[{"embeddable":true,"href":"https:\/\/test.arabaweb.com\/coralden\/wp-json\/wp\/v2\/media\/585"}],"wp:attachment":[{"href":"https:\/\/test.arabaweb.com\/coralden\/wp-json\/wp\/v2\/media?parent=580"}],"curies":[{"name":"wp","href":"https:\/\/api.w.org\/{rel}","templated":true}]}}