{"id":851,"date":"2024-03-14T15:44:44","date_gmt":"2024-03-14T14:44:44","guid":{"rendered":"https:\/\/test.arabaweb.com\/coralden\/?page_id=851"},"modified":"2024-03-14T18:20:07","modified_gmt":"2024-03-14T17:20:07","slug":"periodoncia","status":"publish","type":"page","link":"https:\/\/test.arabaweb.com\/coralden\/periodoncia\/","title":{"rendered":"Periodoncia"},"content":{"rendered":"\t\t<div data-elementor-type=\"wp-page\" data-elementor-id=\"851\" class=\"elementor elementor-851\" data-elementor-post-type=\"page\">\n\t\t\t\t<div class=\"elementor-element elementor-element-fa5aa7a e-flex e-con-boxed e-con e-parent\" data-id=\"fa5aa7a\" data-element_type=\"container\" data-settings=\"{&quot;background_background&quot;:&quot;classic&quot;}\">\n\t\t\t\t\t<div class=\"e-con-inner\">\n\t\t\t\t<div class=\"elementor-element elementor-element-6bd6a15e elementor-widget elementor-widget-image\" data-id=\"6bd6a15e\" data-element_type=\"widget\" data-widget_type=\"image.default\">\n\t\t\t\t<div class=\"elementor-widget-container\">\n\t\t\t\t\t\t\t\t\t\t\t\t\t<img fetchpriority=\"high\" decoding=\"async\" width=\"800\" height=\"815\" src=\"https:\/\/test.arabaweb.com\/coralden\/wp-content\/uploads\/sites\/2\/2024\/02\/PERIODONCIA-1.webp\" class=\"attachment-large size-large wp-image-409\" alt=\"\" srcset=\"https:\/\/test.arabaweb.com\/coralden\/wp-content\/uploads\/sites\/2\/2024\/02\/PERIODONCIA-1.webp 800w, https:\/\/test.arabaweb.com\/coralden\/wp-content\/uploads\/sites\/2\/2024\/02\/PERIODONCIA-1-294x300.webp 294w, https:\/\/test.arabaweb.com\/coralden\/wp-content\/uploads\/sites\/2\/2024\/02\/PERIODONCIA-1-768x782.webp 768w\" sizes=\"(max-width: 800px) 100vw, 800px\" \/>\t\t\t\t\t\t\t\t\t\t\t\t\t<\/div>\n\t\t\t\t<\/div>\n\t\t\t\t\t<\/div>\n\t\t\t\t<\/div>\n\t\t<div class=\"elementor-element elementor-element-773aad8f e-flex e-con-boxed e-con e-parent\" data-id=\"773aad8f\" data-element_type=\"container\">\n\t\t\t\t\t<div class=\"e-con-inner\">\n\t\t<div class=\"elementor-element elementor-element-3c137654 e-con-full e-flex e-con e-child\" data-id=\"3c137654\" data-element_type=\"container\">\n\t\t\t\t<div class=\"elementor-element elementor-element-2e98310e elementor-widget__width-initial elementor-widget elementor-widget-heading\" data-id=\"2e98310e\" data-element_type=\"widget\" data-widget_type=\"heading.default\">\n\t\t\t\t<div class=\"elementor-widget-container\">\n\t\t\t<h2 class=\"elementor-heading-title elementor-size-default\">TRATAMIENTOS<\/h2>\t\t<\/div>\n\t\t\t\t<\/div>\n\t\t\t\t<div class=\"elementor-element elementor-element-1d149467 elementor-widget__width-initial elementor-widget elementor-widget-button\" data-id=\"1d149467\" data-element_type=\"widget\" data-widget_type=\"button.default\">\n\t\t\t\t<div class=\"elementor-widget-container\">\n\t\t\t\t\t\t\t<div class=\"elementor-button-wrapper\">\n\t\t\t\t\t<a class=\"elementor-button elementor-button-link elementor-size-sm elementor-animation-grow\" href=\"https:\/\/test.arabaweb.com\/coralden\/odontologia-general\/\">\n\t\t\t\t\t\t<span class=\"elementor-button-content-wrapper\">\n\t\t\t\t\t\t<span class=\"elementor-button-icon\">\n\t\t\t\t<svg aria-hidden=\"true\" class=\"e-font-icon-svg e-fas-arrow-right\" viewBox=\"0 0 448 512\" xmlns=\"http:\/\/www.w3.org\/2000\/svg\"><path d=\"M190.5 66.9l22.2-22.2c9.4-9.4 24.6-9.4 33.9 0L441 239c9.4 9.4 9.4 24.6 0 33.9L246.6 467.3c-9.4 9.4-24.6 9.4-33.9 0l-22.2-22.2c-9.5-9.5-9.3-25 .4-34.3L311.4 296H24c-13.3 0-24-10.7-24-24v-32c0-13.3 10.7-24 24-24h287.4L190.9 101.2c-9.8-9.3-10-24.8-.4-34.3z\"><\/path><\/svg>\t\t\t<\/span>\n\t\t\t\t\t\t\t\t\t<span class=\"elementor-button-text\">Odontolg\u00eda General<\/span>\n\t\t\t\t\t<\/span>\n\t\t\t\t\t<\/a>\n\t\t\t\t<\/div>\n\t\t\t\t\t\t<\/div>\n\t\t\t\t<\/div>\n\t\t\t\t<div class=\"elementor-element elementor-element-3051cb6 elementor-widget__width-initial elementor-widget elementor-widget-button\" data-id=\"3051cb6\" data-element_type=\"widget\" data-widget_type=\"button.default\">\n\t\t\t\t<div class=\"elementor-widget-container\">\n\t\t\t\t\t\t\t<div class=\"elementor-button-wrapper\">\n\t\t\t\t\t<a class=\"elementor-button elementor-button-link elementor-size-sm elementor-animation-grow\" href=\"https:\/\/test.arabaweb.com\/coralden\/implantologia-3\/\">\n\t\t\t\t\t\t<span class=\"elementor-button-content-wrapper\">\n\t\t\t\t\t\t<span class=\"elementor-button-icon\">\n\t\t\t\t<svg aria-hidden=\"true\" class=\"e-font-icon-svg e-fas-arrow-right\" viewBox=\"0 0 448 512\" xmlns=\"http:\/\/www.w3.org\/2000\/svg\"><path d=\"M190.5 66.9l22.2-22.2c9.4-9.4 24.6-9.4 33.9 0L441 239c9.4 9.4 9.4 24.6 0 33.9L246.6 467.3c-9.4 9.4-24.6 9.4-33.9 0l-22.2-22.2c-9.5-9.5-9.3-25 .4-34.3L311.4 296H24c-13.3 0-24-10.7-24-24v-32c0-13.3 10.7-24 24-24h287.4L190.9 101.2c-9.8-9.3-10-24.8-.4-34.3z\"><\/path><\/svg>\t\t\t<\/span>\n\t\t\t\t\t\t\t\t\t<span class=\"elementor-button-text\">Implantolog\u00eda<\/span>\n\t\t\t\t\t<\/span>\n\t\t\t\t\t<\/a>\n\t\t\t\t<\/div>\n\t\t\t\t\t\t<\/div>\n\t\t\t\t<\/div>\n\t\t\t\t<div class=\"elementor-element elementor-element-68bb8a03 elementor-widget__width-initial elementor-widget elementor-widget-button\" data-id=\"68bb8a03\" data-element_type=\"widget\" data-widget_type=\"button.default\">\n\t\t\t\t<div class=\"elementor-widget-container\">\n\t\t\t\t\t\t\t<div class=\"elementor-button-wrapper\">\n\t\t\t\t\t<a class=\"elementor-button elementor-button-link elementor-size-sm elementor-animation-grow\" href=\"https:\/\/test.arabaweb.com\/coralden\/protesis-dentales\/\">\n\t\t\t\t\t\t<span class=\"elementor-button-content-wrapper\">\n\t\t\t\t\t\t<span class=\"elementor-button-icon\">\n\t\t\t\t<svg aria-hidden=\"true\" class=\"e-font-icon-svg e-fas-arrow-right\" viewBox=\"0 0 448 512\" xmlns=\"http:\/\/www.w3.org\/2000\/svg\"><path d=\"M190.5 66.9l22.2-22.2c9.4-9.4 24.6-9.4 33.9 0L441 239c9.4 9.4 9.4 24.6 0 33.9L246.6 467.3c-9.4 9.4-24.6 9.4-33.9 0l-22.2-22.2c-9.5-9.5-9.3-25 .4-34.3L311.4 296H24c-13.3 0-24-10.7-24-24v-32c0-13.3 10.7-24 24-24h287.4L190.9 101.2c-9.8-9.3-10-24.8-.4-34.3z\"><\/path><\/svg>\t\t\t<\/span>\n\t\t\t\t\t\t\t\t\t<span class=\"elementor-button-text\">Pr\u00f3tesis Dentales<\/span>\n\t\t\t\t\t<\/span>\n\t\t\t\t\t<\/a>\n\t\t\t\t<\/div>\n\t\t\t\t\t\t<\/div>\n\t\t\t\t<\/div>\n\t\t\t\t<div class=\"elementor-element elementor-element-7a253295 elementor-widget__width-initial elementor-widget elementor-widget-button\" data-id=\"7a253295\" data-element_type=\"widget\" data-widget_type=\"button.default\">\n\t\t\t\t<div class=\"elementor-widget-container\">\n\t\t\t\t\t\t\t<div class=\"elementor-button-wrapper\">\n\t\t\t\t\t<a class=\"elementor-button elementor-button-link elementor-size-sm elementor-animation-grow\" href=\"#\">\n\t\t\t\t\t\t<span class=\"elementor-button-content-wrapper\">\n\t\t\t\t\t\t<span class=\"elementor-button-icon\">\n\t\t\t\t<svg aria-hidden=\"true\" class=\"e-font-icon-svg e-fas-arrow-right\" viewBox=\"0 0 448 512\" xmlns=\"http:\/\/www.w3.org\/2000\/svg\"><path d=\"M190.5 66.9l22.2-22.2c9.4-9.4 24.6-9.4 33.9 0L441 239c9.4 9.4 9.4 24.6 0 33.9L246.6 467.3c-9.4 9.4-24.6 9.4-33.9 0l-22.2-22.2c-9.5-9.5-9.3-25 .4-34.3L311.4 296H24c-13.3 0-24-10.7-24-24v-32c0-13.3 10.7-24 24-24h287.4L190.9 101.2c-9.8-9.3-10-24.8-.4-34.3z\"><\/path><\/svg>\t\t\t<\/span>\n\t\t\t\t\t\t\t\t\t<span class=\"elementor-button-text\">Periodoncia<\/span>\n\t\t\t\t\t<\/span>\n\t\t\t\t\t<\/a>\n\t\t\t\t<\/div>\n\t\t\t\t\t\t<\/div>\n\t\t\t\t<\/div>\n\t\t\t\t<div class=\"elementor-element elementor-element-61f756d8 elementor-widget__width-initial elementor-widget elementor-widget-button\" data-id=\"61f756d8\" data-element_type=\"widget\" data-widget_type=\"button.default\">\n\t\t\t\t<div class=\"elementor-widget-container\">\n\t\t\t\t\t\t\t<div class=\"elementor-button-wrapper\">\n\t\t\t\t\t<a class=\"elementor-button elementor-button-link elementor-size-sm elementor-animation-grow\" href=\"https:\/\/test.arabaweb.com\/coralden\/endodoncia\/\">\n\t\t\t\t\t\t<span class=\"elementor-button-content-wrapper\">\n\t\t\t\t\t\t<span class=\"elementor-button-icon\">\n\t\t\t\t<svg aria-hidden=\"true\" class=\"e-font-icon-svg e-fas-arrow-right\" viewBox=\"0 0 448 512\" xmlns=\"http:\/\/www.w3.org\/2000\/svg\"><path d=\"M190.5 66.9l22.2-22.2c9.4-9.4 24.6-9.4 33.9 0L441 239c9.4 9.4 9.4 24.6 0 33.9L246.6 467.3c-9.4 9.4-24.6 9.4-33.9 0l-22.2-22.2c-9.5-9.5-9.3-25 .4-34.3L311.4 296H24c-13.3 0-24-10.7-24-24v-32c0-13.3 10.7-24 24-24h287.4L190.9 101.2c-9.8-9.3-10-24.8-.4-34.3z\"><\/path><\/svg>\t\t\t<\/span>\n\t\t\t\t\t\t\t\t\t<span class=\"elementor-button-text\">Endodoncia<\/span>\n\t\t\t\t\t<\/span>\n\t\t\t\t\t<\/a>\n\t\t\t\t<\/div>\n\t\t\t\t\t\t<\/div>\n\t\t\t\t<\/div>\n\t\t\t\t<div class=\"elementor-element elementor-element-2e1d2c88 elementor-widget__width-initial elementor-widget elementor-widget-button\" data-id=\"2e1d2c88\" data-element_type=\"widget\" data-widget_type=\"button.default\">\n\t\t\t\t<div class=\"elementor-widget-container\">\n\t\t\t\t\t\t\t<div class=\"elementor-button-wrapper\">\n\t\t\t\t\t<a class=\"elementor-button elementor-button-link elementor-size-sm elementor-animation-grow\" href=\"https:\/\/test.arabaweb.com\/coralden\/ortodoncia\/\">\n\t\t\t\t\t\t<span class=\"elementor-button-content-wrapper\">\n\t\t\t\t\t\t<span class=\"elementor-button-icon\">\n\t\t\t\t<svg aria-hidden=\"true\" class=\"e-font-icon-svg e-fas-arrow-right\" viewBox=\"0 0 448 512\" xmlns=\"http:\/\/www.w3.org\/2000\/svg\"><path d=\"M190.5 66.9l22.2-22.2c9.4-9.4 24.6-9.4 33.9 0L441 239c9.4 9.4 9.4 24.6 0 33.9L246.6 467.3c-9.4 9.4-24.6 9.4-33.9 0l-22.2-22.2c-9.5-9.5-9.3-25 .4-34.3L311.4 296H24c-13.3 0-24-10.7-24-24v-32c0-13.3 10.7-24 24-24h287.4L190.9 101.2c-9.8-9.3-10-24.8-.4-34.3z\"><\/path><\/svg>\t\t\t<\/span>\n\t\t\t\t\t\t\t\t\t<span class=\"elementor-button-text\">Ortodoncia<\/span>\n\t\t\t\t\t<\/span>\n\t\t\t\t\t<\/a>\n\t\t\t\t<\/div>\n\t\t\t\t\t\t<\/div>\n\t\t\t\t<\/div>\n\t\t\t\t<div class=\"elementor-element elementor-element-21f4dd66 elementor-widget__width-initial elementor-widget elementor-widget-button\" data-id=\"21f4dd66\" data-element_type=\"widget\" data-widget_type=\"button.default\">\n\t\t\t\t<div class=\"elementor-widget-container\">\n\t\t\t\t\t\t\t<div class=\"elementor-button-wrapper\">\n\t\t\t\t\t<a class=\"elementor-button elementor-button-link elementor-size-sm elementor-animation-grow\" href=\"https:\/\/test.arabaweb.com\/coralden\/estetica-dental\/\">\n\t\t\t\t\t\t<span class=\"elementor-button-content-wrapper\">\n\t\t\t\t\t\t<span class=\"elementor-button-icon\">\n\t\t\t\t<svg aria-hidden=\"true\" class=\"e-font-icon-svg e-fas-arrow-right\" viewBox=\"0 0 448 512\" xmlns=\"http:\/\/www.w3.org\/2000\/svg\"><path d=\"M190.5 66.9l22.2-22.2c9.4-9.4 24.6-9.4 33.9 0L441 239c9.4 9.4 9.4 24.6 0 33.9L246.6 467.3c-9.4 9.4-24.6 9.4-33.9 0l-22.2-22.2c-9.5-9.5-9.3-25 .4-34.3L311.4 296H24c-13.3 0-24-10.7-24-24v-32c0-13.3 10.7-24 24-24h287.4L190.9 101.2c-9.8-9.3-10-24.8-.4-34.3z\"><\/path><\/svg>\t\t\t<\/span>\n\t\t\t\t\t\t\t\t\t<span class=\"elementor-button-text\">Est\u00e9tica Dental<\/span>\n\t\t\t\t\t<\/span>\n\t\t\t\t\t<\/a>\n\t\t\t\t<\/div>\n\t\t\t\t\t\t<\/div>\n\t\t\t\t<\/div>\n\t\t\t\t<\/div>\n\t\t<div class=\"elementor-element elementor-element-40941d2 e-con-full e-flex e-con e-child\" data-id=\"40941d2\" data-element_type=\"container\">\n\t\t\t\t<div class=\"elementor-element elementor-element-7962c82 elementor-widget elementor-widget-heading\" data-id=\"7962c82\" data-element_type=\"widget\" data-widget_type=\"heading.default\">\n\t\t\t\t<div class=\"elementor-widget-container\">\n\t\t\t<h1 class=\"elementor-heading-title elementor-size-default\">Periodoncia<\/h1>\t\t<\/div>\n\t\t\t\t<\/div>\n\t\t\t\t<div class=\"elementor-element elementor-element-729bed9 elementor-widget elementor-widget-image\" data-id=\"729bed9\" data-element_type=\"widget\" data-widget_type=\"image.default\">\n\t\t\t\t<div class=\"elementor-widget-container\">\n\t\t\t\t\t\t\t\t\t\t\t\t\t<img decoding=\"async\" width=\"800\" height=\"323\" src=\"https:\/\/test.arabaweb.com\/coralden\/wp-content\/uploads\/sites\/2\/2024\/02\/cosmetica-dental-1024x413-1.webp\" class=\"attachment-large size-large wp-image-674\" alt=\"\" srcset=\"https:\/\/test.arabaweb.com\/coralden\/wp-content\/uploads\/sites\/2\/2024\/02\/cosmetica-dental-1024x413-1.webp 1024w, https:\/\/test.arabaweb.com\/coralden\/wp-content\/uploads\/sites\/2\/2024\/02\/cosmetica-dental-1024x413-1-300x121.webp 300w, https:\/\/test.arabaweb.com\/coralden\/wp-content\/uploads\/sites\/2\/2024\/02\/cosmetica-dental-1024x413-1-768x310.webp 768w\" sizes=\"(max-width: 800px) 100vw, 800px\" \/>\t\t\t\t\t\t\t\t\t\t\t\t\t<\/div>\n\t\t\t\t<\/div>\n\t\t\t\t<div class=\"elementor-element elementor-element-7774a0e elementor-widget elementor-widget-text-editor\" data-id=\"7774a0e\" data-element_type=\"widget\" data-widget_type=\"text-editor.default\">\n\t\t\t\t<div class=\"elementor-widget-container\">\n\t\t\t\t\t\t\t<p>La periodoncia trata los tejidos que rodean al diente: enc\u00eda y hueso de soporte .<\/p><p><img decoding=\"async\" class=\"wp-image-548 size-large aligncenter\" src=\"https:\/\/coralden.com\/wp-content\/uploads\/periodoncia1-1024x282.jpg\" sizes=\"(max-width: 640px) 100vw, 640px\" srcset=\"https:\/\/coralden.com\/wp-content\/uploads\/periodoncia1-1024x282.jpg 1024w, https:\/\/coralden.com\/wp-content\/uploads\/periodoncia1-300x83.jpg 300w, https:\/\/coralden.com\/wp-content\/uploads\/periodoncia1-768x212.jpg 768w\" alt=\"\" width=\"640\" height=\"176\" \/><\/p><p>Generalmente esta enfermedad cursa sin dolor, con lo cual, puede pasar desapercibido y el diagn\u00f3stico puede realizarse demasiado tarde.<br \/>Acuda a\u00a0nuestro centro\u00a0 dental si observa sangrado de las enc\u00edas espont\u00e1neo o al cepillado.<\/p>\t\t\t\t\t\t<\/div>\n\t\t\t\t<\/div>\n\t\t\t\t<div class=\"elementor-element elementor-element-cd8d692 elementor-widget elementor-widget-heading\" data-id=\"cd8d692\" data-element_type=\"widget\" data-widget_type=\"heading.default\">\n\t\t\t\t<div class=\"elementor-widget-container\">\n\t\t\t<h1 class=\"elementor-heading-title elementor-size-default\">Gingivitis<\/h1>\t\t<\/div>\n\t\t\t\t<\/div>\n\t\t\t\t<div class=\"elementor-element elementor-element-a9a90a9 elementor-widget elementor-widget-text-editor\" data-id=\"a9a90a9\" data-element_type=\"widget\" data-widget_type=\"text-editor.default\">\n\t\t\t\t<div class=\"elementor-widget-container\">\n\t\t\t\t\t\t\t<p><img loading=\"lazy\" decoding=\"async\" class=\"size-medium wp-image-486 alignleft\" src=\"https:\/\/coralden.com\/wp-content\/uploads\/gingivitis-277x300.jpg\" sizes=\"(max-width: 277px) 100vw, 277px\" srcset=\"https:\/\/coralden.com\/wp-content\/uploads\/gingivitis-277x300.jpg 277w, https:\/\/coralden.com\/wp-content\/uploads\/gingivitis-768x832.jpg 768w, https:\/\/coralden.com\/wp-content\/uploads\/gingivitis-946x1024.jpg 946w, https:\/\/coralden.com\/wp-content\/uploads\/gingivitis.jpg 1337w\" alt=\"\" width=\"277\" height=\"300\" \/><\/p><p>\u00a0<\/p><p>Entendemos por gingivitis la inflamaci\u00f3n de la enc\u00eda. Se caracteriza por ser una fase reversible de la enfermedad periodontal, en la que no existe afectaci\u00f3n del hueso. Generalmente su gravedad est\u00e1 relacionada con la cantidad de placa bacteriana. Su tratamiento normal suele ser la Higiene oral o limpieza en CLINICA<\/p><p>\u00bfQu\u00e9 s\u00edntomas presenta?<\/p><p>\u2013 Sangrado de las enc\u00edas espont\u00e1neo o al cepillado.<br \/>\u2013 Aspecto de las enc\u00edas enrojecido e hinchado.<br \/>\u2013 Presencia de placa bacteriana.<\/p>\t\t\t\t\t\t<\/div>\n\t\t\t\t<\/div>\n\t\t\t\t<div class=\"elementor-element elementor-element-6e4e33d elementor-widget elementor-widget-heading\" data-id=\"6e4e33d\" data-element_type=\"widget\" data-widget_type=\"heading.default\">\n\t\t\t\t<div class=\"elementor-widget-container\">\n\t\t\t<h1 class=\"elementor-heading-title elementor-size-default\">Periodontitis<\/h1>\t\t<\/div>\n\t\t\t\t<\/div>\n\t\t\t\t<div class=\"elementor-element elementor-element-11a3c6d elementor-widget elementor-widget-text-editor\" data-id=\"11a3c6d\" data-element_type=\"widget\" data-widget_type=\"text-editor.default\">\n\t\t\t\t<div class=\"elementor-widget-container\">\n\t\t\t\t\t\t\t<p><img loading=\"lazy\" decoding=\"async\" class=\"size-medium wp-image-487 alignleft\" src=\"https:\/\/coralden.com\/wp-content\/uploads\/period1-244x300.jpg\" sizes=\"(max-width: 244px) 100vw, 244px\" srcset=\"https:\/\/coralden.com\/wp-content\/uploads\/period1-244x300.jpg 244w, https:\/\/coralden.com\/wp-content\/uploads\/period1-768x943.jpg 768w, https:\/\/coralden.com\/wp-content\/uploads\/period1-834x1024.jpg 834w, https:\/\/coralden.com\/wp-content\/uploads\/period1.jpg 1341w\" alt=\"\" width=\"244\" height=\"300\" \/><\/p><p>Hablamos de periodontitis cuando, adem\u00e1s de estar afectada la enc\u00eda, existe una p\u00e9rdida o destrucci\u00f3n del hueso de soporte del diente. Las bacterias se acumulan debajo de la enc\u00eda dando lugar a las bolsas periodontales, a las que no es posible acceder con t\u00e9cnicas de higiene normales. En \u00e9stos casos, se recurre a la t\u00e9cnica de raspado y alisado radicular por cuadrantes. Si no es tratada a tiempo, la periodontitis puede dar lugar a que se muevan los dientes y a la progresiva p\u00e9rdida de \u00e9stos.<\/p><p>\u00bfQu\u00e9 s\u00edntomas presenta?<\/p><p>\u2013 Enc\u00edas separadas del diente.<br \/>\u2013 Movilidad de los dientes.<br \/>\u2013 Mal aliento.<br \/>\u2013 Sensaci\u00f3n de dientes m\u00e1s largos, abanicados.<\/p>\t\t\t\t\t\t<\/div>\n\t\t\t\t<\/div>\n\t\t\t\t<div class=\"elementor-element elementor-element-58bd476 elementor-widget elementor-widget-heading\" data-id=\"58bd476\" data-element_type=\"widget\" data-widget_type=\"heading.default\">\n\t\t\t\t<div class=\"elementor-widget-container\">\n\t\t\t<h1 class=\"elementor-heading-title elementor-size-default\">\u00bfPor qu\u00e9 necesito una cirug\u00eda periodontal?<\/h1>\t\t<\/div>\n\t\t\t\t<\/div>\n\t\t\t\t<div class=\"elementor-element elementor-element-0528403 elementor-widget elementor-widget-text-editor\" data-id=\"0528403\" data-element_type=\"widget\" data-widget_type=\"text-editor.default\">\n\t\t\t\t<div class=\"elementor-widget-container\">\n\t\t\t\t\t\t\t<p>En ocasiones, el paciente puede presentar bolsas periodontales profundas y\/o recesiones localizadas (exposici\u00f3n de la ra\u00edz) en algunos dientes, que se pueden tratar con \u00e9xito mediante procedimientos de cirug\u00eda periodontal y asi mejorar la salud periodontal.<\/p>\t\t\t\t\t\t<\/div>\n\t\t\t\t<\/div>\n\t\t\t\t<div class=\"elementor-element elementor-element-0ce1227 elementor-widget elementor-widget-heading\" data-id=\"0ce1227\" data-element_type=\"widget\" data-widget_type=\"heading.default\">\n\t\t\t\t<div class=\"elementor-widget-container\">\n\t\t\t<h1 class=\"elementor-heading-title elementor-size-default\">\u00bfQu\u00e9 puedo hacer si he perdido mis dientes como consecuencia de la periodontitis?<\/h1>\t\t<\/div>\n\t\t\t\t<\/div>\n\t\t\t\t<div class=\"elementor-element elementor-element-677db9b elementor-widget elementor-widget-text-editor\" data-id=\"677db9b\" data-element_type=\"widget\" data-widget_type=\"text-editor.default\">\n\t\t\t\t<div class=\"elementor-widget-container\">\n\t\t\t\t\t\t\t<p>Si su enfermedad se diagnostic\u00f3 tarde o no ha podido ser controlada es posible que acabe perdiendo sus dientes.<\/p><p>En este caso, es conveniente reponer las piezas perdidas. La mejor soluci\u00f3n es mediante la colocaci\u00f3n de implantes dentales . (La decisi\u00f3n sobre el tipo de tratamiento que m\u00e1s le conviene debe tomarla un especialista).<\/p><p>En nuestros centros le informaremos con mas detalles sobre el tipo de tratamiento personalizado, de acuerdo a la gravedad de cada caso, mas conveniente para su buena salud bucal.<\/p>\t\t\t\t\t\t<\/div>\n\t\t\t\t<\/div>\n\t\t\t\t<\/div>\n\t\t\t\t\t<\/div>\n\t\t\t\t<\/div>\n\t\t\t\t<\/div>\n\t\t","protected":false},"excerpt":{"rendered":"<p>Tratamientos de Periodoncia<\/p>\n","protected":false},"author":1,"featured_media":522,"parent":0,"menu_order":0,"comment_status":"closed","ping_status":"closed","template":"","meta":{"footnotes":""},"class_list":["post-851","page","type-page","status-publish","has-post-thumbnail","hentry"],"_links":{"self":[{"href":"https:\/\/test.arabaweb.com\/coralden\/wp-json\/wp\/v2\/pages\/851","targetHints":{"allow":["GET"]}}],"collection":[{"href":"https:\/\/test.arabaweb.com\/coralden\/wp-json\/wp\/v2\/pages"}],"about":[{"href":"https:\/\/test.arabaweb.com\/coralden\/wp-json\/wp\/v2\/types\/page"}],"author":[{"embeddable":true,"href":"https:\/\/test.arabaweb.com\/coralden\/wp-json\/wp\/v2\/users\/1"}],"replies":[{"embeddable":true,"href":"https:\/\/test.arabaweb.com\/coralden\/wp-json\/wp\/v2\/comments?post=851"}],"version-history":[{"count":6,"href":"https:\/\/test.arabaweb.com\/coralden\/wp-json\/wp\/v2\/pages\/851\/revisions"}],"predecessor-version":[{"id":857,"href":"https:\/\/test.arabaweb.com\/coralden\/wp-json\/wp\/v2\/pages\/851\/revisions\/857"}],"wp:featuredmedia":[{"embeddable":true,"href":"https:\/\/test.arabaweb.com\/coralden\/wp-json\/wp\/v2\/media\/522"}],"wp:attachment":[{"href":"https:\/\/test.arabaweb.com\/coralden\/wp-json\/wp\/v2\/media?parent=851"}],"curies":[{"name":"wp","href":"https:\/\/api.w.org\/{rel}","templated":true}]}}