{"id":858,"date":"2024-03-14T18:20:50","date_gmt":"2024-03-14T17:20:50","guid":{"rendered":"https:\/\/test.arabaweb.com\/coralden\/?page_id=858"},"modified":"2024-03-15T00:54:48","modified_gmt":"2024-03-14T23:54:48","slug":"estetica-dental","status":"publish","type":"page","link":"https:\/\/test.arabaweb.com\/coralden\/estetica-dental\/","title":{"rendered":"Estetica Dental"},"content":{"rendered":"\t\t<div data-elementor-type=\"wp-page\" data-elementor-id=\"858\" class=\"elementor elementor-858\" data-elementor-post-type=\"page\">\n\t\t\t\t<div class=\"elementor-element elementor-element-fa5aa7a e-flex e-con-boxed e-con e-parent\" data-id=\"fa5aa7a\" data-element_type=\"container\" data-settings=\"{&quot;background_background&quot;:&quot;classic&quot;}\">\n\t\t\t\t\t<div class=\"e-con-inner\">\n\t\t\t\t<div class=\"elementor-element elementor-element-6bd6a15e elementor-widget elementor-widget-image\" data-id=\"6bd6a15e\" data-element_type=\"widget\" data-widget_type=\"image.default\">\n\t\t\t\t<div class=\"elementor-widget-container\">\n\t\t\t\t\t\t\t\t\t\t\t\t\t<img fetchpriority=\"high\" decoding=\"async\" width=\"800\" height=\"800\" src=\"https:\/\/test.arabaweb.com\/coralden\/wp-content\/uploads\/sites\/2\/2024\/02\/ODONTOLOGIA-GENERAL_Cuad.webp\" class=\"attachment-large size-large wp-image-399\" alt=\"\" srcset=\"https:\/\/test.arabaweb.com\/coralden\/wp-content\/uploads\/sites\/2\/2024\/02\/ODONTOLOGIA-GENERAL_Cuad.webp 800w, https:\/\/test.arabaweb.com\/coralden\/wp-content\/uploads\/sites\/2\/2024\/02\/ODONTOLOGIA-GENERAL_Cuad-300x300.webp 300w, https:\/\/test.arabaweb.com\/coralden\/wp-content\/uploads\/sites\/2\/2024\/02\/ODONTOLOGIA-GENERAL_Cuad-150x150.webp 150w, https:\/\/test.arabaweb.com\/coralden\/wp-content\/uploads\/sites\/2\/2024\/02\/ODONTOLOGIA-GENERAL_Cuad-768x768.webp 768w\" sizes=\"(max-width: 800px) 100vw, 800px\" \/>\t\t\t\t\t\t\t\t\t\t\t\t\t<\/div>\n\t\t\t\t<\/div>\n\t\t\t\t\t<\/div>\n\t\t\t\t<\/div>\n\t\t<div class=\"elementor-element elementor-element-773aad8f e-flex e-con-boxed e-con e-parent\" data-id=\"773aad8f\" data-element_type=\"container\">\n\t\t\t\t\t<div class=\"e-con-inner\">\n\t\t<div class=\"elementor-element elementor-element-3c137654 e-con-full e-flex e-con e-child\" data-id=\"3c137654\" data-element_type=\"container\">\n\t\t\t\t<div class=\"elementor-element elementor-element-2e98310e elementor-widget__width-initial elementor-widget elementor-widget-heading\" data-id=\"2e98310e\" data-element_type=\"widget\" data-widget_type=\"heading.default\">\n\t\t\t\t<div class=\"elementor-widget-container\">\n\t\t\t<h2 class=\"elementor-heading-title elementor-size-default\">TRATAMIENTOS<\/h2>\t\t<\/div>\n\t\t\t\t<\/div>\n\t\t\t\t<div class=\"elementor-element elementor-element-1d149467 elementor-widget__width-initial elementor-widget elementor-widget-button\" data-id=\"1d149467\" data-element_type=\"widget\" data-widget_type=\"button.default\">\n\t\t\t\t<div class=\"elementor-widget-container\">\n\t\t\t\t\t\t\t<div class=\"elementor-button-wrapper\">\n\t\t\t\t\t<a class=\"elementor-button elementor-button-link elementor-size-sm elementor-animation-grow\" href=\"https:\/\/test.arabaweb.com\/coralden\/odontologia-general\/\">\n\t\t\t\t\t\t<span class=\"elementor-button-content-wrapper\">\n\t\t\t\t\t\t<span class=\"elementor-button-icon\">\n\t\t\t\t<svg aria-hidden=\"true\" class=\"e-font-icon-svg e-fas-arrow-right\" viewBox=\"0 0 448 512\" xmlns=\"http:\/\/www.w3.org\/2000\/svg\"><path d=\"M190.5 66.9l22.2-22.2c9.4-9.4 24.6-9.4 33.9 0L441 239c9.4 9.4 9.4 24.6 0 33.9L246.6 467.3c-9.4 9.4-24.6 9.4-33.9 0l-22.2-22.2c-9.5-9.5-9.3-25 .4-34.3L311.4 296H24c-13.3 0-24-10.7-24-24v-32c0-13.3 10.7-24 24-24h287.4L190.9 101.2c-9.8-9.3-10-24.8-.4-34.3z\"><\/path><\/svg>\t\t\t<\/span>\n\t\t\t\t\t\t\t\t\t<span class=\"elementor-button-text\">Odontolg\u00eda General<\/span>\n\t\t\t\t\t<\/span>\n\t\t\t\t\t<\/a>\n\t\t\t\t<\/div>\n\t\t\t\t\t\t<\/div>\n\t\t\t\t<\/div>\n\t\t\t\t<div class=\"elementor-element elementor-element-3051cb6 elementor-widget__width-initial elementor-widget elementor-widget-button\" data-id=\"3051cb6\" data-element_type=\"widget\" data-widget_type=\"button.default\">\n\t\t\t\t<div class=\"elementor-widget-container\">\n\t\t\t\t\t\t\t<div class=\"elementor-button-wrapper\">\n\t\t\t\t\t<a class=\"elementor-button elementor-button-link elementor-size-sm elementor-animation-grow\" href=\"https:\/\/test.arabaweb.com\/coralden\/implantologia-3\/\">\n\t\t\t\t\t\t<span class=\"elementor-button-content-wrapper\">\n\t\t\t\t\t\t<span class=\"elementor-button-icon\">\n\t\t\t\t<svg aria-hidden=\"true\" class=\"e-font-icon-svg e-fas-arrow-right\" viewBox=\"0 0 448 512\" xmlns=\"http:\/\/www.w3.org\/2000\/svg\"><path d=\"M190.5 66.9l22.2-22.2c9.4-9.4 24.6-9.4 33.9 0L441 239c9.4 9.4 9.4 24.6 0 33.9L246.6 467.3c-9.4 9.4-24.6 9.4-33.9 0l-22.2-22.2c-9.5-9.5-9.3-25 .4-34.3L311.4 296H24c-13.3 0-24-10.7-24-24v-32c0-13.3 10.7-24 24-24h287.4L190.9 101.2c-9.8-9.3-10-24.8-.4-34.3z\"><\/path><\/svg>\t\t\t<\/span>\n\t\t\t\t\t\t\t\t\t<span class=\"elementor-button-text\">Implantolog\u00eda<\/span>\n\t\t\t\t\t<\/span>\n\t\t\t\t\t<\/a>\n\t\t\t\t<\/div>\n\t\t\t\t\t\t<\/div>\n\t\t\t\t<\/div>\n\t\t\t\t<div class=\"elementor-element elementor-element-68bb8a03 elementor-widget__width-initial elementor-widget elementor-widget-button\" data-id=\"68bb8a03\" data-element_type=\"widget\" data-widget_type=\"button.default\">\n\t\t\t\t<div class=\"elementor-widget-container\">\n\t\t\t\t\t\t\t<div class=\"elementor-button-wrapper\">\n\t\t\t\t\t<a class=\"elementor-button elementor-button-link elementor-size-sm elementor-animation-grow\" href=\"https:\/\/test.arabaweb.com\/coralden\/protesis-dentales\/\">\n\t\t\t\t\t\t<span class=\"elementor-button-content-wrapper\">\n\t\t\t\t\t\t<span class=\"elementor-button-icon\">\n\t\t\t\t<svg aria-hidden=\"true\" class=\"e-font-icon-svg e-fas-arrow-right\" viewBox=\"0 0 448 512\" xmlns=\"http:\/\/www.w3.org\/2000\/svg\"><path d=\"M190.5 66.9l22.2-22.2c9.4-9.4 24.6-9.4 33.9 0L441 239c9.4 9.4 9.4 24.6 0 33.9L246.6 467.3c-9.4 9.4-24.6 9.4-33.9 0l-22.2-22.2c-9.5-9.5-9.3-25 .4-34.3L311.4 296H24c-13.3 0-24-10.7-24-24v-32c0-13.3 10.7-24 24-24h287.4L190.9 101.2c-9.8-9.3-10-24.8-.4-34.3z\"><\/path><\/svg>\t\t\t<\/span>\n\t\t\t\t\t\t\t\t\t<span class=\"elementor-button-text\">Pr\u00f3tesis Dentales<\/span>\n\t\t\t\t\t<\/span>\n\t\t\t\t\t<\/a>\n\t\t\t\t<\/div>\n\t\t\t\t\t\t<\/div>\n\t\t\t\t<\/div>\n\t\t\t\t<div class=\"elementor-element elementor-element-7a253295 elementor-widget__width-initial elementor-widget elementor-widget-button\" data-id=\"7a253295\" data-element_type=\"widget\" data-widget_type=\"button.default\">\n\t\t\t\t<div class=\"elementor-widget-container\">\n\t\t\t\t\t\t\t<div class=\"elementor-button-wrapper\">\n\t\t\t\t\t<a class=\"elementor-button elementor-button-link elementor-size-sm elementor-animation-grow\" href=\"https:\/\/test.arabaweb.com\/coralden\/periodoncia\/\">\n\t\t\t\t\t\t<span class=\"elementor-button-content-wrapper\">\n\t\t\t\t\t\t<span class=\"elementor-button-icon\">\n\t\t\t\t<svg aria-hidden=\"true\" class=\"e-font-icon-svg e-fas-arrow-right\" viewBox=\"0 0 448 512\" xmlns=\"http:\/\/www.w3.org\/2000\/svg\"><path d=\"M190.5 66.9l22.2-22.2c9.4-9.4 24.6-9.4 33.9 0L441 239c9.4 9.4 9.4 24.6 0 33.9L246.6 467.3c-9.4 9.4-24.6 9.4-33.9 0l-22.2-22.2c-9.5-9.5-9.3-25 .4-34.3L311.4 296H24c-13.3 0-24-10.7-24-24v-32c0-13.3 10.7-24 24-24h287.4L190.9 101.2c-9.8-9.3-10-24.8-.4-34.3z\"><\/path><\/svg>\t\t\t<\/span>\n\t\t\t\t\t\t\t\t\t<span class=\"elementor-button-text\">Periodoncia<\/span>\n\t\t\t\t\t<\/span>\n\t\t\t\t\t<\/a>\n\t\t\t\t<\/div>\n\t\t\t\t\t\t<\/div>\n\t\t\t\t<\/div>\n\t\t\t\t<div class=\"elementor-element elementor-element-61f756d8 elementor-widget__width-initial elementor-widget elementor-widget-button\" data-id=\"61f756d8\" data-element_type=\"widget\" data-widget_type=\"button.default\">\n\t\t\t\t<div class=\"elementor-widget-container\">\n\t\t\t\t\t\t\t<div class=\"elementor-button-wrapper\">\n\t\t\t\t\t<a class=\"elementor-button elementor-button-link elementor-size-sm elementor-animation-grow\" href=\"https:\/\/test.arabaweb.com\/coralden\/endodoncia\/\">\n\t\t\t\t\t\t<span class=\"elementor-button-content-wrapper\">\n\t\t\t\t\t\t<span class=\"elementor-button-icon\">\n\t\t\t\t<svg aria-hidden=\"true\" class=\"e-font-icon-svg e-fas-arrow-right\" viewBox=\"0 0 448 512\" xmlns=\"http:\/\/www.w3.org\/2000\/svg\"><path d=\"M190.5 66.9l22.2-22.2c9.4-9.4 24.6-9.4 33.9 0L441 239c9.4 9.4 9.4 24.6 0 33.9L246.6 467.3c-9.4 9.4-24.6 9.4-33.9 0l-22.2-22.2c-9.5-9.5-9.3-25 .4-34.3L311.4 296H24c-13.3 0-24-10.7-24-24v-32c0-13.3 10.7-24 24-24h287.4L190.9 101.2c-9.8-9.3-10-24.8-.4-34.3z\"><\/path><\/svg>\t\t\t<\/span>\n\t\t\t\t\t\t\t\t\t<span class=\"elementor-button-text\">Endodoncia<\/span>\n\t\t\t\t\t<\/span>\n\t\t\t\t\t<\/a>\n\t\t\t\t<\/div>\n\t\t\t\t\t\t<\/div>\n\t\t\t\t<\/div>\n\t\t\t\t<div class=\"elementor-element elementor-element-2e1d2c88 elementor-widget__width-initial elementor-widget elementor-widget-button\" data-id=\"2e1d2c88\" data-element_type=\"widget\" data-widget_type=\"button.default\">\n\t\t\t\t<div class=\"elementor-widget-container\">\n\t\t\t\t\t\t\t<div class=\"elementor-button-wrapper\">\n\t\t\t\t\t<a class=\"elementor-button elementor-button-link elementor-size-sm elementor-animation-grow\" href=\"https:\/\/test.arabaweb.com\/coralden\/ortodoncia\/\">\n\t\t\t\t\t\t<span class=\"elementor-button-content-wrapper\">\n\t\t\t\t\t\t<span class=\"elementor-button-icon\">\n\t\t\t\t<svg aria-hidden=\"true\" class=\"e-font-icon-svg e-fas-arrow-right\" viewBox=\"0 0 448 512\" xmlns=\"http:\/\/www.w3.org\/2000\/svg\"><path d=\"M190.5 66.9l22.2-22.2c9.4-9.4 24.6-9.4 33.9 0L441 239c9.4 9.4 9.4 24.6 0 33.9L246.6 467.3c-9.4 9.4-24.6 9.4-33.9 0l-22.2-22.2c-9.5-9.5-9.3-25 .4-34.3L311.4 296H24c-13.3 0-24-10.7-24-24v-32c0-13.3 10.7-24 24-24h287.4L190.9 101.2c-9.8-9.3-10-24.8-.4-34.3z\"><\/path><\/svg>\t\t\t<\/span>\n\t\t\t\t\t\t\t\t\t<span class=\"elementor-button-text\">Ortodoncia<\/span>\n\t\t\t\t\t<\/span>\n\t\t\t\t\t<\/a>\n\t\t\t\t<\/div>\n\t\t\t\t\t\t<\/div>\n\t\t\t\t<\/div>\n\t\t\t\t<div class=\"elementor-element elementor-element-21f4dd66 elementor-widget__width-initial elementor-widget elementor-widget-button\" data-id=\"21f4dd66\" data-element_type=\"widget\" data-widget_type=\"button.default\">\n\t\t\t\t<div class=\"elementor-widget-container\">\n\t\t\t\t\t\t\t<div class=\"elementor-button-wrapper\">\n\t\t\t\t\t<a class=\"elementor-button elementor-button-link elementor-size-sm elementor-animation-grow\" href=\"https:\/\/test.arabaweb.com\/coralden\/estetica-dental\/\">\n\t\t\t\t\t\t<span class=\"elementor-button-content-wrapper\">\n\t\t\t\t\t\t<span class=\"elementor-button-icon\">\n\t\t\t\t<svg aria-hidden=\"true\" class=\"e-font-icon-svg e-fas-arrow-right\" viewBox=\"0 0 448 512\" xmlns=\"http:\/\/www.w3.org\/2000\/svg\"><path d=\"M190.5 66.9l22.2-22.2c9.4-9.4 24.6-9.4 33.9 0L441 239c9.4 9.4 9.4 24.6 0 33.9L246.6 467.3c-9.4 9.4-24.6 9.4-33.9 0l-22.2-22.2c-9.5-9.5-9.3-25 .4-34.3L311.4 296H24c-13.3 0-24-10.7-24-24v-32c0-13.3 10.7-24 24-24h287.4L190.9 101.2c-9.8-9.3-10-24.8-.4-34.3z\"><\/path><\/svg>\t\t\t<\/span>\n\t\t\t\t\t\t\t\t\t<span class=\"elementor-button-text\">Est\u00e9tica Dental<\/span>\n\t\t\t\t\t<\/span>\n\t\t\t\t\t<\/a>\n\t\t\t\t<\/div>\n\t\t\t\t\t\t<\/div>\n\t\t\t\t<\/div>\n\t\t\t\t<\/div>\n\t\t<div class=\"elementor-element elementor-element-40941d2 e-con-full e-flex e-con e-child\" data-id=\"40941d2\" data-element_type=\"container\">\n\t\t\t\t<div class=\"elementor-element elementor-element-7962c82 elementor-widget elementor-widget-heading\" data-id=\"7962c82\" data-element_type=\"widget\" data-widget_type=\"heading.default\">\n\t\t\t\t<div class=\"elementor-widget-container\">\n\t\t\t<h1 class=\"elementor-heading-title elementor-size-default\">Est\u00e9tica Dental<\/h1>\t\t<\/div>\n\t\t\t\t<\/div>\n\t\t\t\t<div class=\"elementor-element elementor-element-729bed9 elementor-widget elementor-widget-image\" data-id=\"729bed9\" data-element_type=\"widget\" data-widget_type=\"image.default\">\n\t\t\t\t<div class=\"elementor-widget-container\">\n\t\t\t\t\t\t\t\t\t\t\t\t\t<img decoding=\"async\" width=\"558\" height=\"315\" src=\"https:\/\/test.arabaweb.com\/coralden\/wp-content\/uploads\/sites\/2\/2024\/02\/estetica_dental2_coralden.webp\" class=\"attachment-large size-large wp-image-676\" alt=\"\" srcset=\"https:\/\/test.arabaweb.com\/coralden\/wp-content\/uploads\/sites\/2\/2024\/02\/estetica_dental2_coralden.webp 558w, https:\/\/test.arabaweb.com\/coralden\/wp-content\/uploads\/sites\/2\/2024\/02\/estetica_dental2_coralden-300x169.webp 300w\" sizes=\"(max-width: 558px) 100vw, 558px\" \/>\t\t\t\t\t\t\t\t\t\t\t\t\t<\/div>\n\t\t\t\t<\/div>\n\t\t\t\t<div class=\"elementor-element elementor-element-7774a0e elementor-widget elementor-widget-text-editor\" data-id=\"7774a0e\" data-element_type=\"widget\" data-widget_type=\"text-editor.default\">\n\t\t\t\t<div class=\"elementor-widget-container\">\n\t\t\t\t\t\t\t<p>El color de un diente viene determinado desde el momento en el que nacemos por la dentina y por la transparencia del esmalte.<\/p><p>El color de la dentina no se altera. Sin embargo, con el tiempo el esmalte se va ti\u00f1endo a base de sustancias colorantes como pueden ser el tabaco; el caf\u00e9; el t\u00e9; las bebidas de cola; el tomate; algunos pigmentos qu\u00edmicos; el uso de determinados medicamentos, etc.<\/p><p>\u00bfComo volver a nuestro color original?<\/p><p>El blanqueamiento dental consiste en eliminar las manchas del esmalte sin que \u00e9ste sufra. Se puede realizar en cl\u00ednica o de manera ambulatoria (el paciente la realiza en su domicilio, pero el odont\u00f3logo va controlando su progreso en la consulta). Los resultados de ambas t\u00e9cnicas son muy satisfactorios y el blanqueamiento dental es un tratamiento cada vez m\u00e1s demandado por los pacientes.<\/p><p>El sistema de blanqueamiento en cl\u00ednica es un procedimiento seguro, eficaz y r\u00e1pido, tan s\u00f3lo en una sesi\u00f3n puede blanquear sus dientes, es ideal para aquel que busque resultados inmediatos.<\/p><p>Extensas investigaciones y estudios cl\u00ednicos indican que el blanqueamiento dental es un tratamiento seguro bajo la supervisi\u00f3n de un odont\u00f3logo, aunque no es recomendado en ni\u00f1os menores de 13 a\u00f1os, ni en mujeres embarazadas o lactantes.<\/p><p>Con el cuidado adecuado y el mantenimiento del blanqueamiento, su sonrisa puede brillar durante a\u00f1os<\/p>\t\t\t\t\t\t<\/div>\n\t\t\t\t<\/div>\n\t\t\t\t<div class=\"elementor-element elementor-element-cd8d692 elementor-widget elementor-widget-heading\" data-id=\"cd8d692\" data-element_type=\"widget\" data-widget_type=\"heading.default\">\n\t\t\t\t<div class=\"elementor-widget-container\">\n\t\t\t<h1 class=\"elementor-heading-title elementor-size-default\">Carillas de Composite<\/h1>\t\t<\/div>\n\t\t\t\t<\/div>\n\t\t\t\t<div class=\"elementor-element elementor-element-a9a90a9 elementor-widget elementor-widget-text-editor\" data-id=\"a9a90a9\" data-element_type=\"widget\" data-widget_type=\"text-editor.default\">\n\t\t\t\t<div class=\"elementor-widget-container\">\n\t\t\t\t\t\t\t<p>\u00bfSe averg\u00fcenza al sonreir debido al color o forma de sus dientes?\u00bfAdopta gestos incomodos para intentar ocultarlos?<\/p><p><img decoding=\"async\" class=\"size-medium wp-image-609 alignleft\" src=\"https:\/\/coralden.com\/wp-content\/uploads\/carillas-estetica-300x132.jpg\" sizes=\"(max-width: 300px) 100vw, 300px\" srcset=\"https:\/\/coralden.com\/wp-content\/uploads\/carillas-estetica-300x132.jpg 300w, https:\/\/coralden.com\/wp-content\/uploads\/carillas-estetica-768x337.jpg 768w, https:\/\/coralden.com\/wp-content\/uploads\/carillas-estetica-1024x449.jpg 1024w\" alt=\"\" width=\"300\" height=\"132\" \/><\/p><p>Las carillas de composite son un tratamiento indicado para corregir dientes anteriores con anomal\u00edas de color (tetraciclinas), alteraciones de forma o malposiciones, diastemas (espacios entre dientes), fracturas, empastes amplios o desgastes.<\/p><p>El tratamiento con carillas de composite respeta los tejidos dentales puesto que no se desgastan los dientes para realizarlas.<\/p><p>La t\u00e9cnica se realiza en una sola sesi\u00f3n ya que el material que se utiliza (composite) se moldea directamente sobre los dientes. Estos materiales consiguen un alto nivel de est\u00e9tica en la reproducci\u00f3n de las caracter\u00edsticas del diente y debido a su alta capacidad de pulido se obtenien excelentes resultados est\u00e9ticos y de aspecto natural.<\/p><p>\u00a0<\/p>\t\t\t\t\t\t<\/div>\n\t\t\t\t<\/div>\n\t\t\t\t<div class=\"elementor-element elementor-element-6e4e33d elementor-widget elementor-widget-heading\" data-id=\"6e4e33d\" data-element_type=\"widget\" data-widget_type=\"heading.default\">\n\t\t\t\t<div class=\"elementor-widget-container\">\n\t\t\t<h1 class=\"elementor-heading-title elementor-size-default\">Carillas de Cer\u00e1mica<\/h1>\t\t<\/div>\n\t\t\t\t<\/div>\n\t\t\t\t<div class=\"elementor-element elementor-element-11a3c6d elementor-widget elementor-widget-text-editor\" data-id=\"11a3c6d\" data-element_type=\"widget\" data-widget_type=\"text-editor.default\">\n\t\t\t\t<div class=\"elementor-widget-container\">\n\t\t\t\t\t\t\t<p><img loading=\"lazy\" decoding=\"async\" class=\"wp-image-453 size-medium alignleft\" src=\"https:\/\/coralden.com\/wp-content\/uploads\/corona-sin-metal-300x200.gif\" sizes=\"(max-width: 300px) 100vw, 300px\" srcset=\"https:\/\/coralden.com\/wp-content\/uploads\/corona-sin-metal-300x200.gif 300w, https:\/\/coralden.com\/wp-content\/uploads\/corona-sin-metal-768x512.gif 768w, https:\/\/coralden.com\/wp-content\/uploads\/corona-sin-metal-1024x682.gif 1024w, https:\/\/coralden.com\/wp-content\/uploads\/corona-sin-metal-750x500.gif 750w\" alt=\"\" width=\"300\" height=\"200\" \/><\/p><p>Las carillas son unas restauraciones que se adhieren a la superficie de los dientes y nos permiten corregir alteraciones de color, forma o posici\u00f3n y as\u00ed mejorar la apariencia de su sonrisa.<\/p><p>En estos casos se elimina una peque\u00f1a cantidad de esmalte de la cara frontal del diente para adherir posteriormente unas carillas confeccionadas en el laboratorio dental.<\/p><p><em><strong>La cer\u00e1mica nos confiere resistencia, belleza y est\u00e9tica<\/strong><\/em><\/p>\t\t\t\t\t\t<\/div>\n\t\t\t\t<\/div>\n\t\t\t\t<div class=\"elementor-element elementor-element-58bd476 elementor-widget elementor-widget-heading\" data-id=\"58bd476\" data-element_type=\"widget\" data-widget_type=\"heading.default\">\n\t\t\t\t<div class=\"elementor-widget-container\">\n\t\t\t<h1 class=\"elementor-heading-title elementor-size-default\">Coronas de Cer\u00e1mica<\/h1>\t\t<\/div>\n\t\t\t\t<\/div>\n\t\t\t\t<div class=\"elementor-element elementor-element-0528403 elementor-widget elementor-widget-text-editor\" data-id=\"0528403\" data-element_type=\"widget\" data-widget_type=\"text-editor.default\">\n\t\t\t\t<div class=\"elementor-widget-container\">\n\t\t\t\t\t\t\t<p><img loading=\"lazy\" decoding=\"async\" class=\"wp-image-455 size-medium alignleft\" src=\"https:\/\/coralden.com\/wp-content\/uploads\/PRO4-fija-300x145.gif\" sizes=\"(max-width: 300px) 100vw, 300px\" srcset=\"https:\/\/coralden.com\/wp-content\/uploads\/PRO4-fija-300x145.gif 300w, https:\/\/coralden.com\/wp-content\/uploads\/PRO4-fija-768x370.gif 768w, https:\/\/coralden.com\/wp-content\/uploads\/PRO4-fija-1024x494.gif 1024w\" alt=\"\" width=\"300\" height=\"145\" \/><\/p><p>Las tradicionales coronas metal-cer\u00e1micas ofrecen una \u00f3ptima resistencia, pueden obtener propiedades de luminosidad y transmisi\u00f3n de luz\u00a0 diferentes cuando se compara con los dientes naturales, debido a su estructura interna de metal, dando lugar a una mayor opacidad.<\/p><p>Hoy en d\u00eda los avances tecnol\u00f3gicos\u00a0 nos permiten restauraci\u00f3n cer\u00e1micas resistentes y con mayor belleza con las que puede sonre\u00edr sin complejos sin que nadie note su corona.<\/p><p>Las coronas y los puentes Procera nacen de una innovadora tecnolog\u00eda\u00a0 para restauraciones en cer\u00e1mica completas. El zirconio es un material cer\u00e1mico que se caracteriza por su inigualable estabilidad y biocompatibilidad. Adem\u00e1s de su resistencia, las coronas y los puentes Procera poseen una est\u00e9tica excelente y un ajuste preciso.<\/p>\t\t\t\t\t\t<\/div>\n\t\t\t\t<\/div>\n\t\t\t\t<\/div>\n\t\t\t\t\t<\/div>\n\t\t\t\t<\/div>\n\t\t\t\t<\/div>\n\t\t","protected":false},"excerpt":{"rendered":"<p>Est\u00e9tica Dental<\/p>\n","protected":false},"author":1,"featured_media":676,"parent":0,"menu_order":0,"comment_status":"closed","ping_status":"closed","template":"","meta":{"footnotes":""},"class_list":["post-858","page","type-page","status-publish","has-post-thumbnail","hentry"],"_links":{"self":[{"href":"https:\/\/test.arabaweb.com\/coralden\/wp-json\/wp\/v2\/pages\/858","targetHints":{"allow":["GET"]}}],"collection":[{"href":"https:\/\/test.arabaweb.com\/coralden\/wp-json\/wp\/v2\/pages"}],"about":[{"href":"https:\/\/test.arabaweb.com\/coralden\/wp-json\/wp\/v2\/types\/page"}],"author":[{"embeddable":true,"href":"https:\/\/test.arabaweb.com\/coralden\/wp-json\/wp\/v2\/users\/1"}],"replies":[{"embeddable":true,"href":"https:\/\/test.arabaweb.com\/coralden\/wp-json\/wp\/v2\/comments?post=858"}],"version-history":[{"count":9,"href":"https:\/\/test.arabaweb.com\/coralden\/wp-json\/wp\/v2\/pages\/858\/revisions"}],"predecessor-version":[{"id":874,"href":"https:\/\/test.arabaweb.com\/coralden\/wp-json\/wp\/v2\/pages\/858\/revisions\/874"}],"wp:featuredmedia":[{"embeddable":true,"href":"https:\/\/test.arabaweb.com\/coralden\/wp-json\/wp\/v2\/media\/676"}],"wp:attachment":[{"href":"https:\/\/test.arabaweb.com\/coralden\/wp-json\/wp\/v2\/media?parent=858"}],"curies":[{"name":"wp","href":"https:\/\/api.w.org\/{rel}","templated":true}]}}